{"id":2180,"date":"2025-04-15T12:15:26","date_gmt":"2025-04-15T10:15:26","guid":{"rendered":"https:\/\/www.normacom.fr\/?page_id=2180"},"modified":"2025-09-03T16:04:51","modified_gmt":"2025-09-03T14:04:51","slug":"les-guests","status":"publish","type":"page","link":"https:\/\/www.normacom.fr\/index.php\/les-guests\/","title":{"rendered":"Les GUESTS \u2b50"},"content":{"rendered":"\n<h3 class=\"wp-block-heading has-text-align-center\"><mark style=\"background-color:rgba(0, 0, 0, 0)\" class=\"has-inline-color has-secondary-color\">Trouver les coordonn\u00e9es de vos commerciaux !<\/mark><\/h3>\n\n\n\n<p class=\"has-text-align-center\">Retrouvez\u00a0ci-dessous les coordonn\u00e9es des commerciaux des marques<mark style=\"background-color:rgba(0, 0, 0, 0)\" class=\"has-inline-color has-cyan-color\"><strong> <\/strong><\/mark><mark style=\"background-color:rgba(0, 0, 0, 0)\" class=\"has-inline-color has-primary-color\"><strong>GUESTS pr\u00e9sentes sur nos \u00e9v\u00e8nements NORMACOM<\/strong>. <\/mark><br>Prenez contact avec eux si vous souhaitez des renseignements sur les produits, le concept ou pour pr\u00e9parer une action commerciale avec votre agence.<\/p>\n\n\n\n<p class=\"has-text-align-center\"><strong>Comment \u00e7a marche\u2753<\/strong><br><em>Cliquez sur le nom de la marque d\u00e9sir\u00e9e pour afficher les commerciaux et leurs coordonn\u00e9es<\/em><\/p>\n\n\n\n<div class=\"wp-block-group is-layout-constrained wp-block-group-is-layout-constrained\">\n<h2 class=\"wp-block-heading has-text-align-center has-large-font-size\"><em><strong><strong><em><strong><em><mark style=\"background-color:rgba(0, 0, 0, 0)\" class=\"has-inline-color has-primary-color\">Les Cha\u00eenes H\u00f4teli\u00e8res<\/mark><\/em><\/strong><\/em><\/strong><\/strong><\/em><\/h2>\n\n\n\n<p class=\"has-text-align-center\"><strong><mark style=\"background-color:rgba(0, 0, 0, 0)\" class=\"has-inline-color has-cyan-color\"><a href=\"#LUX\">Lux Collective<\/a> &#8211; <a href=\"#IBEROSTAR\">Iberostar<\/a> &#8211; <a href=\"#GRECOTEL\">Grecotel<\/a><\/mark><\/strong><\/p>\n\n\n\n<h2 class=\"wp-block-heading has-text-align-center has-large-font-size\"><strong><em><strong><em><mark style=\"background-color:rgba(0, 0, 0, 0)\" class=\"has-inline-color has-primary-color\">Les Compagnies A\u00e9riennes<\/mark><\/em><\/strong><\/em><\/strong><\/h2>\n<\/div>\n\n\n\n<p class=\"has-text-align-center\"><strong><mark style=\"background-color:rgba(0, 0, 0, 0)\" class=\"has-inline-color has-cyan-color\"> <a href=\"#AIRCANADA\">Air Canada<\/a><\/mark><\/strong><\/p>\n\n\n\n<hr class=\"wp-block-separator has-alpha-channel-opacity is-style-wide\" style=\"margin-top:var(--wp--preset--spacing--40);margin-bottom:var(--wp--preset--spacing--40)\"\/>\n\n\n\n<div class=\"wp-block-columns is-layout-flex wp-container-core-columns-is-layout-28f84493 wp-block-columns-is-layout-flex\">\n<div class=\"wp-block-column is-layout-constrained wp-container-core-column-is-layout-520232fb wp-block-column-is-layout-constrained\" style=\"padding-right:0;padding-left:0\">\n<figure class=\"wp-block-image size-full\" id=\"AIRCANADA\" style=\"margin-top:var(--wp--preset--spacing--80);margin-bottom:var(--wp--preset--spacing--80)\"><img loading=\"lazy\" decoding=\"async\" width=\"1024\" height=\"512\" src=\"https:\/\/www.normacom.fr\/wp-content\/uploads\/2025\/04\/1024x512-1715173975812.webp\" alt=\"\" class=\"wp-image-2191\" srcset=\"https:\/\/www.normacom.fr\/wp-content\/uploads\/2025\/04\/1024x512-1715173975812.webp 1024w, https:\/\/www.normacom.fr\/wp-content\/uploads\/2025\/04\/1024x512-1715173975812-300x150.webp 300w, https:\/\/www.normacom.fr\/wp-content\/uploads\/2025\/04\/1024x512-1715173975812-768x384.webp 768w\" sizes=\"auto, (max-width: 1024px) 100vw, 1024px\" \/><\/figure>\n<\/div>\n\n\n\n<div class=\"wp-block-column is-layout-constrained wp-block-column-is-layout-constrained\">\n<figure class=\"wp-block-image aligncenter size-full is-resized is-style-rounded\"><img loading=\"lazy\" decoding=\"async\" width=\"900\" height=\"980\" src=\"https:\/\/www.normacom.fr\/wp-content\/uploads\/2024\/03\/png-clipart-computer-icons-business-man-people-logo-1.png\" alt=\"\" class=\"wp-image-1725\" style=\"aspect-ratio:0.75;object-fit:cover;width:199px;height:auto\" srcset=\"https:\/\/www.normacom.fr\/wp-content\/uploads\/2024\/03\/png-clipart-computer-icons-business-man-people-logo-1.png 900w, https:\/\/www.normacom.fr\/wp-content\/uploads\/2024\/03\/png-clipart-computer-icons-business-man-people-logo-1-276x300.png 276w, https:\/\/www.normacom.fr\/wp-content\/uploads\/2024\/03\/png-clipart-computer-icons-business-man-people-logo-1-768x836.png 768w\" sizes=\"auto, (max-width: 900px) 100vw, 900px\" \/><figcaption class=\"wp-element-caption\"><strong>Jean-Fran\u00e7ois RAUDIN<br><\/strong>Directeur G\u00e9n\u00e9ral France<br>06 25 33 22 26<br><a href=\"mailto:jean-francois.raudin@aircanada.ca\">jean-francois.raudin@aircanada.ca<\/a><br>Secteur : France<\/figcaption><\/figure>\n<\/div>\n<\/div>\n\n\n\n<div class=\"wp-block-columns is-layout-flex wp-container-core-columns-is-layout-28f84493 wp-block-columns-is-layout-flex\">\n<div class=\"wp-block-column is-layout-flow wp-block-column-is-layout-flow\">\n<figure class=\"wp-block-image size-full is-resized\" id=\"LUX\" style=\"margin-top:var(--wp--preset--spacing--80);margin-bottom:var(--wp--preset--spacing--80)\"><img loading=\"lazy\" decoding=\"async\" width=\"2560\" height=\"1207\" src=\"https:\/\/www.normacom.fr\/wp-content\/uploads\/2025\/04\/image.jpeg\" alt=\"L\u2019attribut alt de cette image est vide, son nom de fichier est TLC-LOGO-01-scaled.jpg.\" class=\"wp-image-2198\" style=\"width:435px;height:auto\" srcset=\"https:\/\/www.normacom.fr\/wp-content\/uploads\/2025\/04\/image.jpeg 2560w, https:\/\/www.normacom.fr\/wp-content\/uploads\/2025\/04\/image-300x141.jpeg 300w, https:\/\/www.normacom.fr\/wp-content\/uploads\/2025\/04\/image-1024x483.jpeg 1024w, https:\/\/www.normacom.fr\/wp-content\/uploads\/2025\/04\/image-768x362.jpeg 768w, https:\/\/www.normacom.fr\/wp-content\/uploads\/2025\/04\/image-1536x724.jpeg 1536w, https:\/\/www.normacom.fr\/wp-content\/uploads\/2025\/04\/image-2048x966.jpeg 2048w\" sizes=\"auto, (max-width: 2560px) 100vw, 2560px\" \/><\/figure>\n<\/div>\n\n\n\n<div class=\"wp-block-column is-layout-flow wp-block-column-is-layout-flow\">\n<figure class=\"wp-block-image aligncenter size-full is-resized is-style-rounded\"><img loading=\"lazy\" decoding=\"async\" width=\"1703\" height=\"2560\" src=\"https:\/\/www.normacom.fr\/wp-content\/uploads\/2023\/02\/DSC0946-scaled.jpg\" alt=\"\" class=\"wp-image-390\" style=\"aspect-ratio:0.75;object-fit:cover;width:207px;height:auto\" srcset=\"https:\/\/www.normacom.fr\/wp-content\/uploads\/2023\/02\/DSC0946-scaled.jpg 1703w, https:\/\/www.normacom.fr\/wp-content\/uploads\/2023\/02\/DSC0946-200x300.jpg 200w, https:\/\/www.normacom.fr\/wp-content\/uploads\/2023\/02\/DSC0946-681x1024.jpg 681w, https:\/\/www.normacom.fr\/wp-content\/uploads\/2023\/02\/DSC0946-768x1154.jpg 768w, https:\/\/www.normacom.fr\/wp-content\/uploads\/2023\/02\/DSC0946-1022x1536.jpg 1022w, https:\/\/www.normacom.fr\/wp-content\/uploads\/2023\/02\/DSC0946-1362x2048.jpg 1362w\" sizes=\"auto, (max-width: 1703px) 100vw, 1703px\" \/><figcaption class=\"wp-element-caption\"><strong>Jean Claude TA<br><\/strong>Senior Manager Sales<br>06 12 54 05 82<br><a href=\"mailto:jessica.lukyamuzi@brusselsairport.be\"><\/a><a href=\"mailto:jeanclaude.ta@theluxcollective.com\">jeanclaude.ta@theluxcollective.com<\/a><br>Secteur : Nord-Normandie<br><\/figcaption><\/figure>\n<\/div>\n<\/div>\n\n\n\n<div class=\"wp-block-columns is-layout-flex wp-container-core-columns-is-layout-28f84493 wp-block-columns-is-layout-flex\">\n<div class=\"wp-block-column is-layout-constrained wp-container-core-column-is-layout-520232fb wp-block-column-is-layout-constrained\" style=\"padding-right:0;padding-left:0\">\n<figure class=\"wp-block-image size-full\" id=\"IBEROSTAR\"><img loading=\"lazy\" decoding=\"async\" width=\"500\" height=\"500\" src=\"https:\/\/www.normacom.fr\/wp-content\/uploads\/2025\/04\/iberostar_h.jpg\" alt=\"\" class=\"wp-image-2199\" srcset=\"https:\/\/www.normacom.fr\/wp-content\/uploads\/2025\/04\/iberostar_h.jpg 500w, https:\/\/www.normacom.fr\/wp-content\/uploads\/2025\/04\/iberostar_h-300x300.jpg 300w, https:\/\/www.normacom.fr\/wp-content\/uploads\/2025\/04\/iberostar_h-150x150.jpg 150w\" sizes=\"auto, (max-width: 500px) 100vw, 500px\" \/><\/figure>\n<\/div>\n\n\n\n<div class=\"wp-block-column is-layout-flow wp-block-column-is-layout-flow\">\n<figure class=\"wp-block-image aligncenter size-full is-resized is-style-rounded\"><img loading=\"lazy\" decoding=\"async\" width=\"900\" height=\"980\" src=\"https:\/\/www.normacom.fr\/wp-content\/uploads\/2024\/03\/png-clipart-computer-icons-business-man-people-logo-1.png\" alt=\"\" class=\"wp-image-1725\" style=\"aspect-ratio:0.75;object-fit:cover;width:157px;height:auto\" srcset=\"https:\/\/www.normacom.fr\/wp-content\/uploads\/2024\/03\/png-clipart-computer-icons-business-man-people-logo-1.png 900w, https:\/\/www.normacom.fr\/wp-content\/uploads\/2024\/03\/png-clipart-computer-icons-business-man-people-logo-1-276x300.png 276w, https:\/\/www.normacom.fr\/wp-content\/uploads\/2024\/03\/png-clipart-computer-icons-business-man-people-logo-1-768x836.png 768w\" sizes=\"auto, (max-width: 900px) 100vw, 900px\" \/><figcaption class=\"wp-element-caption\"><strong>NC<br><\/strong>Commerciale<br>NC<br><a href=\"mailto:cportron@adopteunto.com\" data-type=\"mailto\" data-id=\"mailto:cportron@adopteunto.com\">NC<\/a><br>Secteur : Nord &#8211; Normandie<\/figcaption><\/figure>\n<\/div>\n<\/div>\n\n\n\n<div class=\"wp-block-columns is-layout-flex wp-container-core-columns-is-layout-28f84493 wp-block-columns-is-layout-flex\">\n<div class=\"wp-block-column is-layout-constrained wp-container-core-column-is-layout-520232fb wp-block-column-is-layout-constrained\" style=\"padding-right:0;padding-left:0\">\n<figure class=\"wp-block-image aligncenter size-full\" id=\"GRECOTEL\" style=\"margin-top:var(--wp--preset--spacing--80);margin-bottom:var(--wp--preset--spacing--80)\"><img loading=\"lazy\" decoding=\"async\" width=\"2048\" height=\"678\" src=\"https:\/\/www.normacom.fr\/wp-content\/uploads\/2025\/04\/grecotel-hotels-and-resorts-in-greece_footer-2048x678-1.png\" alt=\"\" class=\"wp-image-2200\" srcset=\"https:\/\/www.normacom.fr\/wp-content\/uploads\/2025\/04\/grecotel-hotels-and-resorts-in-greece_footer-2048x678-1.png 2048w, https:\/\/www.normacom.fr\/wp-content\/uploads\/2025\/04\/grecotel-hotels-and-resorts-in-greece_footer-2048x678-1-300x99.png 300w, https:\/\/www.normacom.fr\/wp-content\/uploads\/2025\/04\/grecotel-hotels-and-resorts-in-greece_footer-2048x678-1-1024x339.png 1024w, https:\/\/www.normacom.fr\/wp-content\/uploads\/2025\/04\/grecotel-hotels-and-resorts-in-greece_footer-2048x678-1-768x254.png 768w, https:\/\/www.normacom.fr\/wp-content\/uploads\/2025\/04\/grecotel-hotels-and-resorts-in-greece_footer-2048x678-1-1536x509.png 1536w\" sizes=\"auto, (max-width: 2048px) 100vw, 2048px\" \/><\/figure>\n<\/div>\n\n\n\n<div class=\"wp-block-column is-layout-flow wp-block-column-is-layout-flow\">\n<figure class=\"wp-block-image aligncenter size-full is-resized is-style-rounded\"><img loading=\"lazy\" decoding=\"async\" width=\"900\" height=\"980\" src=\"https:\/\/www.normacom.fr\/wp-content\/uploads\/2024\/03\/png-clipart-computer-icons-business-man-people-logo-1.png\" alt=\"\" class=\"wp-image-1725\" style=\"aspect-ratio:0.75;object-fit:cover;width:157px;height:auto\" srcset=\"https:\/\/www.normacom.fr\/wp-content\/uploads\/2024\/03\/png-clipart-computer-icons-business-man-people-logo-1.png 900w, https:\/\/www.normacom.fr\/wp-content\/uploads\/2024\/03\/png-clipart-computer-icons-business-man-people-logo-1-276x300.png 276w, https:\/\/www.normacom.fr\/wp-content\/uploads\/2024\/03\/png-clipart-computer-icons-business-man-people-logo-1-768x836.png 768w\" sizes=\"auto, (max-width: 900px) 100vw, 900px\" \/><figcaption class=\"wp-element-caption\"><strong>NC<br><\/strong>Commerciale<br>NC<br><a href=\"mailto:cportron@adopteunto.com\" data-type=\"mailto\" data-id=\"mailto:cportron@adopteunto.com\">NC<\/a><br>Secteur : Nord &#8211; Normandie<\/figcaption><\/figure>\n<\/div>\n<\/div>\n","protected":false},"excerpt":{"rendered":"<p>Trouver les coordonn\u00e9es de vos commerciaux ! Retrouvez\u00a0ci-dessous les coordonn\u00e9es des commerciaux des marques GUESTS [&hellip;]<\/p>\n","protected":false},"author":4,"featured_media":0,"parent":0,"menu_order":0,"comment_status":"closed","ping_status":"closed","template":"","meta":{"_eb_attr":"","footnotes":""},"class_list":["post-2180","page","type-page","status-publish","hentry"],"_links":{"self":[{"href":"https:\/\/www.normacom.fr\/index.php\/wp-json\/wp\/v2\/pages\/2180","targetHints":{"allow":["GET"]}}],"collection":[{"href":"https:\/\/www.normacom.fr\/index.php\/wp-json\/wp\/v2\/pages"}],"about":[{"href":"https:\/\/www.normacom.fr\/index.php\/wp-json\/wp\/v2\/types\/page"}],"author":[{"embeddable":true,"href":"https:\/\/www.normacom.fr\/index.php\/wp-json\/wp\/v2\/users\/4"}],"replies":[{"embeddable":true,"href":"https:\/\/www.normacom.fr\/index.php\/wp-json\/wp\/v2\/comments?post=2180"}],"version-history":[{"count":20,"href":"https:\/\/www.normacom.fr\/index.php\/wp-json\/wp\/v2\/pages\/2180\/revisions"}],"predecessor-version":[{"id":2489,"href":"https:\/\/www.normacom.fr\/index.php\/wp-json\/wp\/v2\/pages\/2180\/revisions\/2489"}],"wp:attachment":[{"href":"https:\/\/www.normacom.fr\/index.php\/wp-json\/wp\/v2\/media?parent=2180"}],"curies":[{"name":"wp","href":"https:\/\/api.w.org\/{rel}","templated":true}]}}